{"id":162,"date":"2022-03-22T13:19:35","date_gmt":"2022-03-22T13:19:35","guid":{"rendered":"http:\/\/localhost\/wordpress\/?page_id=162"},"modified":"2025-12-31T13:09:38","modified_gmt":"2025-12-31T12:09:38","slug":"cenik","status":"publish","type":"page","link":"https:\/\/mengore.com\/?page_id=162&lang=sl","title":{"rendered":"Cenik"},"content":{"rendered":"\n<figure class=\"wp-block-table\"><table><tbody><tr><td class=\"has-text-align-center\" data-align=\"center\"><\/td><td class=\"has-text-align-center\" data-align=\"center\"><strong>Nizka sezona<\/strong><br>4.01. &#8211; 31.03.<br>1.10. &#8211; 23.12.<\/td><td class=\"has-text-align-center\" data-align=\"center\"><strong>Srednja sezona<\/strong><br>1.04. &#8211; 30.06.<br>1.09. &#8211; 30.09.<\/td><td class=\"has-text-align-center\" data-align=\"center\"><strong>Visoka sezona<\/strong><br>1.07. &#8211; 31.08.<br>24.12. &#8211; 3.01.<\/td><\/tr><tr><td class=\"has-text-align-center\" data-align=\"center\"><strong>Apartma<\/strong><\/td><td class=\"has-text-align-center\" data-align=\"center\"><strong>Cena na dan<\/strong><\/td><td class=\"has-text-align-center\" data-align=\"center\"><strong>Cena na dan<\/strong><\/td><td class=\"has-text-align-center\" data-align=\"center\"><strong>Cena na dan<\/strong><\/td><\/tr><tr><td class=\"has-text-align-center\" data-align=\"center\">Pode\u017eelje(4+2)<\/td><td class=\"has-text-align-center\" data-align=\"center\">110 EUR<\/td><td class=\"has-text-align-center\" data-align=\"center\">120 EUR<\/td><td class=\"has-text-align-center\" data-align=\"center\">180 EUR<\/td><\/tr><tr><td class=\"has-text-align-center\" data-align=\"center\">Provansa(4+2)<\/td><td class=\"has-text-align-center\" data-align=\"center\">110 EUR<\/td><td class=\"has-text-align-center\" data-align=\"center\">120 EUR<\/td><td class=\"has-text-align-center\" data-align=\"center\">180 EUR<\/td><\/tr><tr><td class=\"has-text-align-center\" data-align=\"center\">Eleganca(2+2)<\/td><td class=\"has-text-align-center\" data-align=\"center\">90 EUR<\/td><td class=\"has-text-align-center\" data-align=\"center\">100 EUR<\/td><td class=\"has-text-align-center\" data-align=\"center\">130 EUR<\/td><\/tr><\/tbody><\/table><\/figure>\n\n\n\n<p>Cenik velja od 01.1.2026. Cene so v EUR za dan najema po\u010ditni\u0161kega stanovanja. V ceni je vklju\u010dena posteljnina in brisa\u010de. Dopla\u010dilo za najem kraj\u0161i od 3 dni je 40\u20ac. \u010cas prihoda je od 14.00h naprej, \u010das odhoda pa do 10.00h. DDV je vklju\u010den v ceno. Turisti\u010dna in promocijska taksa se zara\u010duna 2 EUR po osebi na dan ter 1 EUR za osebe od 7 do 18 let.<\/p>\n","protected":false},"excerpt":{"rendered":"<p>Cenik velja od 01.1.2026. Cene so v EUR za dan najema po\u010ditni\u0161kega stanovanja. V ceni je vklju\u010dena posteljnina in brisa\u010de. Dopla\u010dilo za najem kraj\u0161i od 3 dni je 40\u20ac. \u010cas prihoda je od 14.00h naprej, \u010das odhoda pa do 10.00h. DDV je vklju\u010den v ceno. Turisti\u010dna in promocijska taksa se zara\u010duna 2 EUR po osebi [&hellip;]<\/p>\n","protected":false},"author":1,"featured_media":0,"parent":0,"menu_order":0,"comment_status":"closed","ping_status":"closed","template":"","meta":{"_uag_custom_page_level_css":"","footnotes":""},"class_list":["post-162","page","type-page","status-publish","hentry"],"blocksy_meta":{"styles_descriptor":{"styles":{"desktop":"","tablet":"","mobile":""},"google_fonts":[],"version":6}},"uagb_featured_image_src":{"full":false,"thumbnail":false,"medium":false,"medium_large":false,"large":false,"1536x1536":false,"2048x2048":false},"uagb_author_info":{"display_name":"ezmengore","author_link":"https:\/\/mengore.com\/?author=1"},"uagb_comment_info":0,"uagb_excerpt":"Cenik velja od 01.1.2026. Cene so v EUR za dan najema po\u010ditni\u0161kega stanovanja. V ceni je vklju\u010dena posteljnina in brisa\u010de. Dopla\u010dilo za najem kraj\u0161i od 3 dni je 40\u20ac. \u010cas prihoda je od 14.00h naprej, \u010das odhoda pa do 10.00h. DDV je vklju\u010den v ceno. Turisti\u010dna in promocijska taksa se zara\u010duna 2 EUR po osebi&hellip;","_links":{"self":[{"href":"https:\/\/mengore.com\/index.php?rest_route=\/wp\/v2\/pages\/162","targetHints":{"allow":["GET"]}}],"collection":[{"href":"https:\/\/mengore.com\/index.php?rest_route=\/wp\/v2\/pages"}],"about":[{"href":"https:\/\/mengore.com\/index.php?rest_route=\/wp\/v2\/types\/page"}],"author":[{"embeddable":true,"href":"https:\/\/mengore.com\/index.php?rest_route=\/wp\/v2\/users\/1"}],"replies":[{"embeddable":true,"href":"https:\/\/mengore.com\/index.php?rest_route=%2Fwp%2Fv2%2Fcomments&post=162"}],"version-history":[{"count":7,"href":"https:\/\/mengore.com\/index.php?rest_route=\/wp\/v2\/pages\/162\/revisions"}],"predecessor-version":[{"id":328,"href":"https:\/\/mengore.com\/index.php?rest_route=\/wp\/v2\/pages\/162\/revisions\/328"}],"wp:attachment":[{"href":"https:\/\/mengore.com\/index.php?rest_route=%2Fwp%2Fv2%2Fmedia&parent=162"}],"curies":[{"name":"wp","href":"https:\/\/api.w.org\/{rel}","templated":true}]}}